{"id":1092,"date":"2019-02-12T12:52:24","date_gmt":"2019-02-12T12:52:24","guid":{"rendered":"https:\/\/europeanfootinstitute.com\/?page_id=1092"},"modified":"2019-02-12T12:57:11","modified_gmt":"2019-02-12T12:57:11","slug":"impressum","status":"publish","type":"page","link":"https:\/\/europeanfootinstitute.com\/ru\/impressum\/","title":{"rendered":"Impressum"},"content":{"rendered":"<p><div class=\"fusion-fullwidth fullwidth-box fusion-builder-row-1 nonhundred-percent-fullwidth non-hundred-percent-height-scrolling\" style=\"--awb-border-radius-top-left:0px;--awb-border-radius-top-right:0px;--awb-border-radius-bottom-right:0px;--awb-border-radius-bottom-left:0px;--awb-padding-top:120px;--awb-padding-bottom:60px;--awb-flex-wrap:wrap;\" ><div class=\"fusion-builder-row fusion-row\"><div class=\"fusion-layout-column fusion_builder_column fusion-builder-column-0 fusion_builder_column_1_1 1_1 fusion-one-full fusion-column-first fusion-column-last\" style=\"--awb-bg-size:cover;\"><div class=\"fusion-column-wrapper fusion-flex-column-wrapper-legacy\"><div class=\"fusion-text fusion-text-1\"><p><strong>Dr. med. Dirk K.-D. Nowak<\/strong><br \/>\nRosenstr. 7<br \/>\nD-80331 M\u00fcnchen<\/p>\n<p>Telefon: +49 (0)89 24217550<br \/>\nEmail: <a style=\"color: #a7ce39;\" href=\"mailto\"> info@europeanfootinstitute.com <\/a><br \/>\nInternet: <a style=\"color: #a7ce39;\" href=\"#\"> www.europeanfootinstitute.com <\/a><\/p>\n<p><strong>Zust\u00e4ndige Aufsichtsbeh\u00f6rde:<\/strong><br \/>\nKassen\u00e4rztliche Vereinigung Bayerns<br \/>\nBezirkstelle Oberbayern<br \/>\nElsenheimerstrasse 39<br \/>\n80687 M\u00fcnchen<br \/>\nwww.kvb.de<\/p>\n<p><strong>Zust\u00e4ndige Kammer:<\/strong><br \/>\nBayerische Landes\u00e4rztekammer<br \/>\nM\u00fchlbauerstrasse 16<br \/>\n81677 M\u00fcnchen<br \/>\nwww.blaek.de<\/p>\n<p><strong>Berufsbezeichnung:<\/strong><br \/>\n\u00c4rzte, Fach\u00e4rzte f\u00fcr Orthop\u00e4die, Chirurgie und Unfallchirurgie<\/p>\n<p><strong>Staat:<\/strong><br \/>\nBundesrepublik Deutschland<\/p>\n<p><strong>Berufsrechtliche Regelung:<\/strong><br \/>\nBerufsordnung f\u00fcr die \u00c4rzte Bayerns<\/p>\n<p><strong>Haftungshinweis:<\/strong><br \/>\nTrotz sorgf\u00e4ltiger inhaltlicher Kontrolle \u00fcbernehmen wir keine Haftung f\u00fcr die Inhalte der externen Links. F\u00fcr die Inhalte der verlinkten Seiten sind ausschlie\u00dflich deren Betreiber verantwortlich.<\/p>\n<\/div><div class=\"fusion-clearfix\"><\/div><\/div><\/div><div class=\"fusion-layout-column fusion_builder_column fusion-builder-column-1 fusion_builder_column_1_1 1_1 fusion-one-full fusion-column-first fusion-column-last\" style=\"--awb-bg-size:cover;\"><div class=\"fusion-column-wrapper fusion-flex-column-wrapper-legacy\"><div class=\"fusion-sep-clear\"><\/div><div class=\"fusion-separator fusion-full-width-sep\" style=\"margin-left: auto;margin-right: auto;width:100%;\"><div class=\"fusion-separator-border sep-single sep-solid\" style=\"--awb-height:20px;--awb-amount:20px;border-color:#e0dede;border-top-width:2px;\"><\/div><\/div><div class=\"fusion-sep-clear\"><\/div><div class=\"fusion-clearfix\"><\/div><\/div><\/div><div class=\"fusion-layout-column fusion_builder_column fusion-builder-column-2 fusion_builder_column_1_1 1_1 fusion-one-full fusion-column-first fusion-column-last\" style=\"--awb-bg-size:cover;\"><div class=\"fusion-column-wrapper fusion-flex-column-wrapper-legacy\"><div class=\"fusion-text fusion-text-2\"><p><strong>EUROPEAN FOOT INSTITUTE<\/strong><br \/>\nMedical Director:<br \/>\nDr. Dirk K.D. Nowak, MD<br \/>\nRosenstr. 7<br \/>\n80331 Munich, Germany<\/p>\n<p>Tel: +49 (0)89 24217550<br \/>\nEmail: info@europeanfootinstitute.com<\/p>\n<p><strong>Registered at:<\/strong><br \/>\nGeneral Medical Council, London, UK<br \/>\nGMC: 7474777<\/p>\n<p><strong>Specialist register:<\/strong><br \/>\nGeneral Surgery \u2013 Special Orthopaedic Surgery, Consultant Orthopaedic Surgeon, Trauma Surgery<\/p>\n<p><strong>Approved in Germany and Austria as:<\/strong><br \/>\nSurgeon \u2013 Special Orthopaedic and Trauma Surgery<br \/>\nBayerische Landes\u00e4rztekammer, \u00d6sterreichische \u00c4rztekammer OAK<\/p>\n<\/div><div class=\"fusion-clearfix\"><\/div><\/div><\/div><\/div><\/div><div class=\"fusion-fullwidth fullwidth-box fusion-builder-row-2 hide nonhundred-percent-fullwidth non-hundred-percent-height-scrolling\" style=\"--awb-border-radius-top-left:0px;--awb-border-radius-top-right:0px;--awb-border-radius-bottom-right:0px;--awb-border-radius-bottom-left:0px;--awb-padding-top:120px;--awb-padding-bottom:40px;--awb-flex-wrap:wrap;\" ><div class=\"fusion-builder-row fusion-row\"><div class=\"fusion-layout-column fusion_builder_column fusion-builder-column-3 fusion_builder_column_1_1 1_1 fusion-one-full fusion-column-first fusion-column-last\" style=\"--awb-bg-size:cover;\"><div class=\"fusion-column-wrapper fusion-flex-column-wrapper-legacy\"><div class=\"fusion-text fusion-text-3\"><h2>Why let your current theme continue to cause trouble &amp; loss of time?<\/h2>\n<\/div><div class=\"fusion-image-element in-legacy-container\" style=\"--awb-caption-title-font-family:var(--h2_typography-font-family);--awb-caption-title-font-weight:var(--h2_typography-font-weight);--awb-caption-title-font-style:var(--h2_typography-font-style);--awb-caption-title-size:var(--h2_typography-font-size);--awb-caption-title-transform:var(--h2_typography-text-transform);--awb-caption-title-line-height:var(--h2_typography-line-height);--awb-caption-title-letter-spacing:var(--h2_typography-letter-spacing);\"><span class=\" fusion-imageframe imageframe-none imageframe-1 hover-type-none\"><img decoding=\"async\" width=\"1170\" height=\"692\" title=\"image1_t45\" src=\"https:\/\/europeanfootinstitute.com\/wp-content\/uploads\/2018\/07\/image1_t45.jpg\" alt class=\"img-responsive wp-image-402\" srcset=\"https:\/\/europeanfootinstitute.com\/wp-content\/uploads\/2018\/07\/image1_t45-200x118.jpg 200w, https:\/\/europeanfootinstitute.com\/wp-content\/uploads\/2018\/07\/image1_t45-400x237.jpg 400w, https:\/\/europeanfootinstitute.com\/wp-content\/uploads\/2018\/07\/image1_t45-600x355.jpg 600w, https:\/\/europeanfootinstitute.com\/wp-content\/uploads\/2018\/07\/image1_t45-800x473.jpg 800w, https:\/\/europeanfootinstitute.com\/wp-content\/uploads\/2018\/07\/image1_t45.jpg 1170w\" sizes=\"(max-width: 800px) 100vw, 1170px\" \/><\/span><\/div><div class=\"fusion-clearfix\"><\/div><\/div><\/div><\/div><\/div><div class=\"fusion-fullwidth fullwidth-box fusion-builder-row-3 hide hundred-percent-fullwidth non-hundred-percent-height-scrolling\" style=\"--awb-border-radius-top-left:0px;--awb-border-radius-top-right:0px;--awb-border-radius-bottom-right:0px;--awb-border-radius-bottom-left:0px;--awb-padding-top:20px;--awb-padding-bottom:60px;--awb-flex-wrap:wrap;\" ><div class=\"fusion-builder-row fusion-row\"><div class=\"fusion-layout-column fusion_builder_column fusion-builder-column-4 fusion_builder_column_1_1 1_1 fusion-one-full fusion-column-first fusion-column-last\" style=\"--awb-bg-size:cover;\"><div class=\"fusion-column-wrapper fusion-flex-column-wrapper-legacy\"><div class=\"fusion-image-element fusion-image-align-center in-legacy-container\" style=\"text-align:center;--awb-caption-title-font-family:var(--h2_typography-font-family);--awb-caption-title-font-weight:var(--h2_typography-font-weight);--awb-caption-title-font-style:var(--h2_typography-font-style);--awb-caption-title-size:var(--h2_typography-font-size);--awb-caption-title-transform:var(--h2_typography-text-transform);--awb-caption-title-line-height:var(--h2_typography-line-height);--awb-caption-title-letter-spacing:var(--h2_typography-letter-spacing);\"><div class=\"imageframe-align-center\"><span class=\" fusion-imageframe imageframe-none imageframe-2 hover-type-none\"><a class=\"fusion-no-lightbox\" href=\"https:\/\/themeforest.net\/item\/avada-responsive-multipurpose-theme\/2833226?ref=ThemeFusion\" target=\"_self\" aria-label=\"3-steps\"><img decoding=\"async\" width=\"1486\" height=\"466\" src=\"https:\/\/europeanfootinstitute.com\/wp-content\/uploads\/2017\/12\/3-steps.jpg\" alt class=\"img-responsive wp-image-312\"\/><\/a><\/span><\/div><\/div><div class=\"fusion-clearfix\"><\/div><\/div><\/div><\/div><\/div><div class=\"fusion-fullwidth fullwidth-box fusion-builder-row-4 fusion-parallax-none hide nonhundred-percent-fullwidth non-hundred-percent-height-scrolling\" style=\"--awb-border-radius-top-left:0px;--awb-border-radius-top-right:0px;--awb-border-radius-bottom-right:0px;--awb-border-radius-bottom-left:0px;--awb-padding-top:7%;--awb-padding-bottom:7%;--awb-background-image:url(&quot;https:\/\/europeanfootinstitute.com\/wp-content\/uploads\/2017\/12\/AVADA_bkgd.jpg&quot;);--awb-background-size:cover;--awb-flex-wrap:wrap;\" ><div class=\"fusion-builder-row fusion-row\"><div class=\"fusion-layout-column fusion_builder_column fusion-builder-column-5 fusion_builder_column_1_1 1_1 fusion-one-full fusion-column-first fusion-column-last\" style=\"--awb-bg-size:cover;\"><div class=\"fusion-column-wrapper fusion-flex-column-wrapper-legacy\"><div class=\"fusion-text fusion-text-4\"><h2><span style=\"color: #ffffff;\">Your Business makes your job easy! Why wait to improve your workflow?\u00a0Join the <span style=\"color: #92c4d5;\">400,000+ satisfied customers!<\/span><\/span><\/h2>\n<\/div><div class=\"fusion-clearfix\"><\/div><\/div><\/div><\/div><\/div><div class=\"fusion-fullwidth fullwidth-box fusion-builder-row-5 hide hundred-percent-fullwidth non-hundred-percent-height-scrolling\" style=\"--awb-border-radius-top-left:0px;--awb-border-radius-top-right:0px;--awb-border-radius-bottom-right:0px;--awb-border-radius-bottom-left:0px;--awb-padding-right:0px;--awb-padding-left:0px;--awb-flex-wrap:wrap;\" ><div class=\"fusion-builder-row fusion-row\"><div class=\"fusion-layout-column fusion_builder_column fusion-builder-column-6 fusion_builder_column_1_1 1_1 fusion-one-full fusion-column-first fusion-column-last\" style=\"--awb-bg-size:cover;\"><div class=\"fusion-column-wrapper fusion-flex-column-wrapper-legacy\"><div class=\"fusion-align-block\"><a class=\"fusion-button button-flat fusion-button-default-size button-default fusion-button-default button-1 fusion-button-span-yes fusion-button-default-type customButton\" target=\"_blank\" rel=\"noopener noreferrer\"><i class=\"fa-rocket fas button-icon-left\" aria-hidden=\"true\"><\/i><span class=\"fusion-button-text\">YOUR BUSINESS<\/span><\/a><\/div><div class=\"fusion-clearfix\"><\/div><\/div><\/div><\/div><\/div><div class=\"fusion-fullwidth fullwidth-box fusion-builder-row-6 hide nonhundred-percent-fullwidth non-hundred-percent-height-scrolling\" style=\"--awb-border-radius-top-left:0px;--awb-border-radius-top-right:0px;--awb-border-radius-bottom-right:0px;--awb-border-radius-bottom-left:0px;--awb-padding-top:60px;--awb-flex-wrap:wrap;\" ><div class=\"fusion-builder-row fusion-row\"><div class=\"fusion-layout-column fusion_builder_column fusion-builder-column-7 fusion_builder_column_1_1 1_1 fusion-one-full fusion-column-first fusion-column-last\" style=\"--awb-bg-size:cover;\"><div class=\"fusion-column-wrapper fusion-flex-column-wrapper-legacy\"><div class=\"fusion-text fusion-text-5\"><h2>Create a boost with your unique ideas using your business.<\/h2>\n<\/div><div class=\"fusion-text fusion-text-6\"><h5>Proin eu varius felis. Pellentesque hendrerit elit ornare, ultricies ante eu, vestibulum dui. Quisque venenatis sollicitudin felis eget dictum. Aliquam tincidunt felis orci, ut malesuada ligula malesuada in. Integer lacinia nulla eget nunc lacinia, ac rhoncus velit molestie. Donec sit amet fringilla enim. Nulla facilisi. In hac habitasse platea dictumst. Ut non pulvinar nibh, id maximus velit.<\/h5>\n<\/div><div class=\"fusion-clearfix\"><\/div><\/div><\/div><\/div><\/div><div class=\"fusion-fullwidth fullwidth-box fusion-builder-row-7 hide hundred-percent-fullwidth non-hundred-percent-height-scrolling\" style=\"--awb-border-radius-top-left:0px;--awb-border-radius-top-right:0px;--awb-border-radius-bottom-right:0px;--awb-border-radius-bottom-left:0px;--awb-padding-top:60px;--awb-padding-right:0px;--awb-padding-bottom:0px;--awb-padding-left:0px;--awb-flex-wrap:wrap;\" ><div class=\"fusion-builder-row fusion-row\"><div class=\"fusion-layout-column fusion_builder_column fusion-builder-column-8 fusion_builder_column_1_1 1_1 fusion-one-full fusion-column-first fusion-column-last\" style=\"--awb-bg-size:cover;\"><div class=\"fusion-column-wrapper fusion-flex-column-wrapper-legacy\"><div class=\"fusion-image-carousel fusion-image-carousel-auto fusion-image-carousel-1 lightbox-enabled\"><div class=\"awb-carousel awb-swiper awb-swiper-carousel\" data-autoplay=\"no\" data-columns=\"5\" data-itemmargin=\"10\" data-itemwidth=\"180\" data-touchscroll=\"no\" data-imagesize=\"auto\" data-scrollitems=\"1\" style=\"--awb-column-spacing:10px;\"><div class=\"swiper-wrapper awb-image-carousel-wrapper fusion-flex-align-items-center\"><div class=\"swiper-slide\"><div class=\"fusion-carousel-item-wrapper\"><div class=\"fusion-image-wrapper hover-type-none\"><a data-rel=\"iLightbox[image_carousel_1]\" data-title=\"promote_feature_1\" aria-label=\"promote_feature_1\" href=\"https:\/\/europeanfootinstitute.com\/wp-content\/uploads\/2017\/12\/promote_feature_1.jpg\" target=\"_self\"><img decoding=\"async\" width=\"800\" height=\"530\" src=\"https:\/\/europeanfootinstitute.com\/wp-content\/uploads\/2017\/12\/promote_feature_1.jpg\" class=\"attachment-full size-full\" alt=\"\" \/><\/a><\/div><\/div><\/div><div class=\"swiper-slide\"><div class=\"fusion-carousel-item-wrapper\"><div class=\"fusion-image-wrapper hover-type-none\"><a data-rel=\"iLightbox[image_carousel_1]\" data-title=\"promote_feature_2\" aria-label=\"promote_feature_2\" href=\"https:\/\/europeanfootinstitute.com\/wp-content\/uploads\/2017\/12\/promote_feature_2.jpg\" target=\"_self\"><img decoding=\"async\" width=\"800\" height=\"530\" src=\"https:\/\/europeanfootinstitute.com\/wp-content\/uploads\/2017\/12\/promote_feature_2.jpg\" class=\"attachment-full size-full\" alt=\"\" \/><\/a><\/div><\/div><\/div><div class=\"swiper-slide\"><div class=\"fusion-carousel-item-wrapper\"><div class=\"fusion-image-wrapper hover-type-none\"><a data-rel=\"iLightbox[image_carousel_1]\" data-title=\"promote_feature_3\" aria-label=\"promote_feature_3\" href=\"https:\/\/europeanfootinstitute.com\/wp-content\/uploads\/2017\/12\/promote_feature_3.jpg\" target=\"_self\"><img decoding=\"async\" width=\"800\" height=\"530\" src=\"https:\/\/europeanfootinstitute.com\/wp-content\/uploads\/2017\/12\/promote_feature_3.jpg\" class=\"attachment-full size-full\" alt=\"\" \/><\/a><\/div><\/div><\/div><div class=\"swiper-slide\"><div class=\"fusion-carousel-item-wrapper\"><div class=\"fusion-image-wrapper hover-type-none\"><a data-rel=\"iLightbox[image_carousel_1]\" data-title=\"promote_feature_4\" aria-label=\"promote_feature_4\" href=\"https:\/\/europeanfootinstitute.com\/wp-content\/uploads\/2017\/12\/promote_feature_4.jpg\" target=\"_self\"><img decoding=\"async\" width=\"800\" height=\"530\" src=\"https:\/\/europeanfootinstitute.com\/wp-content\/uploads\/2017\/12\/promote_feature_4.jpg\" class=\"attachment-full size-full\" alt=\"\" \/><\/a><\/div><\/div><\/div><div class=\"swiper-slide\"><div class=\"fusion-carousel-item-wrapper\"><div class=\"fusion-image-wrapper hover-type-none\"><a data-rel=\"iLightbox[image_carousel_1]\" data-title=\"promote_feature_5\" aria-label=\"promote_feature_5\" href=\"https:\/\/europeanfootinstitute.com\/wp-content\/uploads\/2017\/12\/promote_feature_5.jpg\" target=\"_self\"><img decoding=\"async\" width=\"800\" height=\"530\" src=\"https:\/\/europeanfootinstitute.com\/wp-content\/uploads\/2017\/12\/promote_feature_5.jpg\" class=\"attachment-full size-full\" alt=\"\" \/><\/a><\/div><\/div><\/div><div class=\"swiper-slide\"><div class=\"fusion-carousel-item-wrapper\"><div class=\"fusion-image-wrapper hover-type-none\"><a data-rel=\"iLightbox[image_carousel_1]\" data-title=\"promote_feature_6\" aria-label=\"promote_feature_6\" href=\"https:\/\/europeanfootinstitute.com\/wp-content\/uploads\/2017\/12\/promote_feature_6.jpg\" target=\"_self\"><img decoding=\"async\" width=\"800\" height=\"530\" src=\"https:\/\/europeanfootinstitute.com\/wp-content\/uploads\/2017\/12\/promote_feature_6.jpg\" class=\"attachment-full size-full\" alt=\"\" \/><\/a><\/div><\/div><\/div><div class=\"swiper-slide\"><div class=\"fusion-carousel-item-wrapper\"><div class=\"fusion-image-wrapper hover-type-none\"><a data-rel=\"iLightbox[image_carousel_1]\" data-title=\"promote_feature_7\" aria-label=\"promote_feature_7\" href=\"https:\/\/europeanfootinstitute.com\/wp-content\/uploads\/2017\/12\/promote_feature_7.jpg\" target=\"_self\"><img decoding=\"async\" width=\"800\" height=\"530\" src=\"https:\/\/europeanfootinstitute.com\/wp-content\/uploads\/2017\/12\/promote_feature_7.jpg\" class=\"attachment-full size-full\" alt=\"\" \/><\/a><\/div><\/div><\/div><div class=\"swiper-slide\"><div class=\"fusion-carousel-item-wrapper\"><div class=\"fusion-image-wrapper hover-type-none\"><a data-rel=\"iLightbox[image_carousel_1]\" data-title=\"promote_feature_8\" aria-label=\"promote_feature_8\" href=\"https:\/\/europeanfootinstitute.com\/wp-content\/uploads\/2017\/12\/promote_feature_8.jpg\" target=\"_self\"><img decoding=\"async\" width=\"800\" height=\"530\" src=\"https:\/\/europeanfootinstitute.com\/wp-content\/uploads\/2017\/12\/promote_feature_8.jpg\" class=\"attachment-full size-full\" alt=\"\" \/><\/a><\/div><\/div><\/div><\/div><div class=\"awb-swiper-button awb-swiper-button-prev\"><i class=\"awb-icon-angle-left\" aria-hidden=\"true\"><\/i><\/div><div class=\"awb-swiper-button awb-swiper-button-next\"><i class=\"awb-icon-angle-right\" aria-hidden=\"true\"><\/i><\/div><\/div><\/div><div class=\"fusion-sep-clear\"><\/div><div class=\"fusion-separator fusion-full-width-sep\" style=\"margin-left: auto;margin-right: auto;margin-top:-60px;width:100%;\"><div class=\"fusion-separator-border sep-double\" style=\"--awb-height:20px;--awb-amount:20px;border-color:#e0dede;border-top-width:1px;border-bottom-width:1px;\"><\/div><\/div><div class=\"fusion-sep-clear\"><\/div><div class=\"fusion-clearfix\"><\/div><\/div><\/div><\/div><\/div><div class=\"fusion-fullwidth fullwidth-box fusion-builder-row-8 fusion-parallax-none hide nonhundred-percent-fullwidth non-hundred-percent-height-scrolling fusion-equal-height-columns\" style=\"--awb-border-radius-top-left:0px;--awb-border-radius-top-right:0px;--awb-border-radius-bottom-right:0px;--awb-border-radius-bottom-left:0px;--awb-padding-top:25px;--awb-padding-bottom:2%;--awb-background-image:url(&quot;https:\/\/europeanfootinstitute.com\/wp-content\/uploads\/2017\/12\/promo_bkgd_1.jpg&quot;);--awb-background-size:cover;--awb-flex-wrap:wrap;\" ><div class=\"fusion-builder-row fusion-row\"><div class=\"fusion-layout-column fusion_builder_column fusion-builder-column-9 fusion_builder_column_1_1 1_1 fusion-one-full fusion-column-first fusion-column-last\" style=\"--awb-padding-top:8%;--awb-padding-right:6%;--awb-padding-bottom:8%;--awb-padding-left:6%;--awb-bg-size:cover;\"><div class=\"fusion-column-wrapper fusion-flex-column-wrapper-legacy\"><div class=\"fusion-text fusion-text-7\"><h2 style=\"text-align: center;\"><span style=\"color: #ffffff;\">And This Is Only The Beginning. We Gets Better &amp; Better!<\/span><\/h2>\n<\/div><div class=\"fusion-text fusion-text-8\"><h5 style=\"text-align: center;\"><span style=\"color: #ffffff;\">Proin eu varius felis. Pellentesque hendrerit elit ornare, ultricies ante eu, vestibulum dui. Quisque venenatis sollicitudin felis eget dictum. Aliquam tincidunt felis orci, ut malesuada ligula malesuada in. <\/span><\/h5>\n<\/div><div class=\"fusion-sep-clear\"><\/div><div class=\"fusion-separator fusion-full-width-sep\" style=\"margin-left: auto;margin-right: auto;margin-top:40px;width:100%;\"><div class=\"fusion-separator-border sep-double\" style=\"--awb-height:20px;--awb-amount:20px;border-color:#e0dede;border-top-width:1px;border-bottom-width:1px;\"><\/div><\/div><div class=\"fusion-sep-clear\"><\/div><div class=\"fusion-aligncenter\"><a class=\"fusion-button button-flat button-xlarge button-default fusion-button-default button-2 fusion-button-default-span fusion-button-default-type\" target=\"_blank\" rel=\"noopener noreferrer\"><span class=\"fusion-button-text\">Join The Largest Theme Community Today!<\/span><\/a><\/div><div class=\"fusion-clearfix\"><\/div><\/div><\/div><\/div><\/div><\/p>\n","protected":false},"excerpt":{"rendered":"","protected":false},"author":1,"featured_media":0,"parent":0,"menu_order":0,"comment_status":"closed","ping_status":"closed","template":"100-width.php","meta":{"footnotes":""},"class_list":["post-1092","page","type-page","status-publish","hentry"],"_links":{"self":[{"href":"https:\/\/europeanfootinstitute.com\/ru\/wp-json\/wp\/v2\/pages\/1092","targetHints":{"allow":["GET"]}}],"collection":[{"href":"https:\/\/europeanfootinstitute.com\/ru\/wp-json\/wp\/v2\/pages"}],"about":[{"href":"https:\/\/europeanfootinstitute.com\/ru\/wp-json\/wp\/v2\/types\/page"}],"author":[{"embeddable":true,"href":"https:\/\/europeanfootinstitute.com\/ru\/wp-json\/wp\/v2\/users\/1"}],"replies":[{"embeddable":true,"href":"https:\/\/europeanfootinstitute.com\/ru\/wp-json\/wp\/v2\/comments?post=1092"}],"version-history":[{"count":0,"href":"https:\/\/europeanfootinstitute.com\/ru\/wp-json\/wp\/v2\/pages\/1092\/revisions"}],"wp:attachment":[{"href":"https:\/\/europeanfootinstitute.com\/ru\/wp-json\/wp\/v2\/media?parent=1092"}],"curies":[{"name":"wp","href":"https:\/\/api.w.org\/{rel}","templated":true}]}}